{"id":2664,"date":"2022-08-02T17:21:50","date_gmt":"2022-08-03T00:21:50","guid":{"rendered":"https:\/\/sifomex.com\/?page_id=2664"},"modified":"2023-02-20T13:16:18","modified_gmt":"2023-02-20T20:16:18","slug":"nosotros","status":"publish","type":"page","link":"https:\/\/sifomex.com\/en\/nosotros\/","title":{"rendered":"About Us"},"content":{"rendered":"<div data-elementor-type=\"wp-page\" data-elementor-id=\"2664\" class=\"elementor elementor-2664\" data-elementor-post-type=\"page\">\n\t\t\t\t<div class=\"elementor-element elementor-element-767610c e-flex e-con-boxed e-con e-parent\" data-id=\"767610c\" data-element_type=\"container\" data-e-type=\"container\" data-settings=\"{&quot;background_background&quot;:&quot;classic&quot;,&quot;jet_parallax_layout_list&quot;:[]}\">\n\t\t\t\t\t<div class=\"e-con-inner\">\n\t\t<div class=\"elementor-element elementor-element-9a2a4eb e-con-full e-flex e-con e-parent\" data-id=\"9a2a4eb\" data-element_type=\"container\" data-e-type=\"container\" data-settings=\"{&quot;jet_parallax_layout_list&quot;:[]}\">\n\t\t\t\t<div class=\"elementor-element elementor-element-81317ad elementor-widget elementor-widget-heading\" data-id=\"81317ad\" data-element_type=\"widget\" data-e-type=\"widget\" data-widget_type=\"heading.default\">\n\t\t\t\t<div class=\"elementor-widget-container\">\n\t\t\t\t\t<h2 class=\"elementor-heading-title elementor-size-default\">About Us<\/h2>\t\t\t\t<\/div>\n\t\t\t\t<\/div>\n\t\t\t\t<div class=\"elementor-element elementor-element-8910820 elementor-widget elementor-widget-heading\" data-id=\"8910820\" data-element_type=\"widget\" data-e-type=\"widget\" data-widget_type=\"heading.default\">\n\t\t\t\t<div class=\"elementor-widget-container\">\n\t\t\t\t\t<p class=\"elementor-heading-title elementor-size-default translation-block\">We are a Mexican company dedicated to the design, planning and execution of projects related to energy.\nphotovoltaics in the country. Contributing to the progress towards a sustainable future.<br><br>The SIFOMEX team has knowledge acquired in more than 10 years on the development of projects in photovoltaic systems, participating in the commercial and industrial sector. In all this time we have generated successful installations in the correct operation of photovoltaic systems, considering the execution of tests, monitoring and maintenance of those that require it.<br><br>\nWe form a team with our clients to correctly support each and every one of the stages of projects related to photovoltaic systems, so the knowledge and experience of the SIFOMEX team is at your disposal.<\/p>\t\t\t\t<\/div>\n\t\t\t\t<\/div>\n\t\t\t\t<div class=\"elementor-element elementor-element-08dd042 elementor-widget elementor-widget-button\" data-id=\"08dd042\" data-element_type=\"widget\" data-e-type=\"widget\" data-widget_type=\"button.default\">\n\t\t\t\t<div class=\"elementor-widget-container\">\n\t\t\t\t\t\t\t\t\t<div class=\"elementor-button-wrapper\">\n\t\t\t\t\t<a class=\"elementor-button elementor-button-link elementor-size-sm\" href=\"https:\/\/sifomex.com\/en\/contacto\/\">\n\t\t\t\t\t\t<span class=\"elementor-button-content-wrapper\">\n\t\t\t\t\t\t\t\t\t<span class=\"elementor-button-text\">Contact Us<\/span>\n\t\t\t\t\t<\/span>\n\t\t\t\t\t<\/a>\n\t\t\t\t<\/div>\n\t\t\t\t\t\t\t\t<\/div>\n\t\t\t\t<\/div>\n\t\t\t\t<\/div>\n\t\t<div class=\"elementor-element elementor-element-503bb87 elementor-hidden-tablet elementor-hidden-mobile e-flex e-con-boxed e-con e-parent\" data-id=\"503bb87\" data-element_type=\"container\" data-e-type=\"container\" data-settings=\"{&quot;jet_parallax_layout_list&quot;:[]}\">\n\t\t\t\t\t<div class=\"e-con-inner\">\n\t\t\t\t\t<\/div>\n\t\t\t\t<\/div>\n\t\t\t\t\t<\/div>\n\t\t\t\t<\/div>\n\t\t\t\t<\/div>","protected":false},"excerpt":{"rendered":"<p>Nosotros Somos una empresa mexicana dedicada a dise\u00f1o, planeaci\u00f3n y ejecuci\u00f3n de proyectos relacionados con la energ\u00eda fotovoltaica en el pa\u00eds. Aportando en el avance hacia un futuro sustentable. El equipo SIFOMEX cuenta con conocimientos adquiridos en m\u00e1s de 10 a\u00f1os sobre el desarrollo de proyectos en sistemas fotovoltaicos, participando en el sector comercial e [&hellip;]<\/p>\n","protected":false},"author":2,"featured_media":0,"parent":0,"menu_order":0,"comment_status":"closed","ping_status":"open","template":"elementor_header_footer","meta":{"footnotes":""},"class_list":["post-2664","page","type-page","status-publish","hentry"],"_links":{"self":[{"href":"https:\/\/sifomex.com\/en\/wp-json\/wp\/v2\/pages\/2664","targetHints":{"allow":["GET"]}}],"collection":[{"href":"https:\/\/sifomex.com\/en\/wp-json\/wp\/v2\/pages"}],"about":[{"href":"https:\/\/sifomex.com\/en\/wp-json\/wp\/v2\/types\/page"}],"author":[{"embeddable":true,"href":"https:\/\/sifomex.com\/en\/wp-json\/wp\/v2\/users\/2"}],"replies":[{"embeddable":true,"href":"https:\/\/sifomex.com\/en\/wp-json\/wp\/v2\/comments?post=2664"}],"version-history":[{"count":18,"href":"https:\/\/sifomex.com\/en\/wp-json\/wp\/v2\/pages\/2664\/revisions"}],"predecessor-version":[{"id":3402,"href":"https:\/\/sifomex.com\/en\/wp-json\/wp\/v2\/pages\/2664\/revisions\/3402"}],"wp:attachment":[{"href":"https:\/\/sifomex.com\/en\/wp-json\/wp\/v2\/media?parent=2664"}],"curies":[{"name":"wp","href":"https:\/\/api.w.org\/{rel}","templated":true}]}}